{"id":24931,"date":"2021-09-13T15:56:04","date_gmt":"2021-09-13T15:56:04","guid":{"rendered":"https:\/\/www.mpbeautyclub.fi\/index.php\/lahjakortti\/"},"modified":"2024-03-11T16:39:44","modified_gmt":"2024-03-11T16:39:44","slug":"lahjakortti","status":"publish","type":"page","link":"https:\/\/www.mpbeautyclub.fi\/index.php\/lahjakortti\/","title":{"rendered":"Lahjakortti"},"content":{"rendered":"\t\t<div data-elementor-type=\"wp-page\" data-elementor-id=\"24931\" class=\"elementor elementor-24931\">\n\t\t\t\t\t\t<section class=\"elementor-section elementor-top-section elementor-element elementor-element-5305a75 elementor-section-boxed elementor-section-height-default elementor-section-height-default\" data-id=\"5305a75\" data-element_type=\"section\">\n\t\t\t\t\t\t<div class=\"elementor-container elementor-column-gap-no\">\n\t\t\t\t\t<div class=\"elementor-column elementor-col-100 elementor-top-column elementor-element elementor-element-444150b\" data-id=\"444150b\" data-element_type=\"column\">\n\t\t\t<div class=\"elementor-widget-wrap elementor-element-populated\">\n\t\t\t\t\t\t<div class=\"elementor-element elementor-element-02e9aae elementor-widget elementor-widget-heading\" data-id=\"02e9aae\" data-element_type=\"widget\" data-widget_type=\"heading.default\">\n\t\t\t\t<div class=\"elementor-widget-container\">\n\t\t\t\t\t<h1 class=\"elementor-heading-title elementor-size-default\">Lahjakortti <\/h1>\t\t\t\t<\/div>\n\t\t\t\t<\/div>\n\t\t\t\t<div class=\"elementor-element elementor-element-67c92bd elementor-widget elementor-widget-text-editor\" data-id=\"67c92bd\" data-element_type=\"widget\" data-widget_type=\"text-editor.default\">\n\t\t\t\t<div class=\"elementor-widget-container\">\n\t\t\t\t\t\t\t\t\t<h5 style=\"text-align: center;\"><span style=\"color: #808080;\">Anna l\u00e4heisellesi lahjaksi hemmottelua\u00a0<\/span><span style=\"color: #808080;\"> ja hyv\u00e4\u00e4 oloa lahjakortilla. <\/span><\/h5><h5 style=\"text-align: center;\"><span style=\"color: #808080;\">Lahjakortti on monelle paras lahja eik\u00e4 siihen petyt\u00e4.<\/span><\/h5>\t\t\t\t\t\t\t\t<\/div>\n\t\t\t\t<\/div>\n\t\t\t\t\t<\/div>\n\t\t<\/div>\n\t\t\t\t\t<\/div>\n\t\t<\/section>\n\t\t\t\t<section class=\"elementor-section elementor-top-section elementor-element elementor-element-3098fec elementor-section-content-middle elementor-section-boxed elementor-section-height-default elementor-section-height-default\" data-id=\"3098fec\" data-element_type=\"section\">\n\t\t\t\t\t\t<div class=\"elementor-container elementor-column-gap-no\">\n\t\t\t\t\t<div class=\"elementor-column elementor-col-50 elementor-top-column elementor-element elementor-element-c0b26e6\" data-id=\"c0b26e6\" data-element_type=\"column\">\n\t\t\t<div class=\"elementor-widget-wrap elementor-element-populated\">\n\t\t\t\t\t\t<div class=\"elementor-element elementor-element-7371983 elementor-widget elementor-widget-heading\" data-id=\"7371983\" data-element_type=\"widget\" data-widget_type=\"heading.default\">\n\t\t\t\t<div class=\"elementor-widget-container\">\n\t\t\t\t\t<h4 class=\"elementor-heading-title elementor-size-default\">Lahjakortin ostaminen<\/h4>\t\t\t\t<\/div>\n\t\t\t\t<\/div>\n\t\t\t\t<div class=\"elementor-element elementor-element-646c309 elementor-widget elementor-widget-heading\" data-id=\"646c309\" data-element_type=\"widget\" data-widget_type=\"heading.default\">\n\t\t\t\t<div class=\"elementor-widget-container\">\n\t\t\t\t\t<div class=\"elementor-heading-title elementor-size-default\"><a href=\"https:\/\/www.mpbeautyclub.fi\/index.php\/yhteystiedot\/\">Lahjakortin voit ostaa l\u00e4hett\u00e4m\u00e4ll\u00e4 minulle s\u00e4hk\u00f6postia, tekstiviesti tai whatsapp viestin. <br><br>Laita viestiin;<br>\n1.Oma nimesi<br>\n2.Lahjakortin saajan nimi <br>\n3.Summa tai hoito mink\u00e4 haluat lahjaksi ostaa.\n<br><br>\nL\u00e4het\u00e4n sinulle lahjakortin sek\u00e4 maksutiedot 24 tunnin sis\u00e4ll\u00e4. <br><br>\nMik\u00e4li haluat, ett\u00e4 l\u00e4het\u00e4n lahjakortin postitse ( toimitusmaksu 3\u20ac) mainitsethan asiasta erikseen.\n<br><br>\nkauneushoitolampbeautyclub@gmail.com<br>\n044-330 6649 tekstiviesti tai whatsapp viesti\n<br><br>\nVoit my\u00f6s k\u00e4yd\u00e4 lahjakorttiostoksilla liikkeell\u00e4, jolloin paketoimme kortin kauniiseen kuoreen.<\/a><\/div>\t\t\t\t<\/div>\n\t\t\t\t<\/div>\n\t\t\t\t\t<\/div>\n\t\t<\/div>\n\t\t\t\t<div class=\"elementor-column elementor-col-50 elementor-top-column elementor-element elementor-element-db42f62\" data-id=\"db42f62\" data-element_type=\"column\">\n\t\t\t<div class=\"elementor-widget-wrap elementor-element-populated\">\n\t\t\t\t\t\t<div class=\"elementor-element elementor-element-7b29303 elementor-widget elementor-widget-heading\" data-id=\"7b29303\" data-element_type=\"widget\" data-widget_type=\"heading.default\">\n\t\t\t\t<div class=\"elementor-widget-container\">\n\t\t\t\t\t<h4 class=\"elementor-heading-title elementor-size-default\">Lahjakortin k\u00e4ytt\u00f6ehdot<\/h4>\t\t\t\t<\/div>\n\t\t\t\t<\/div>\n\t\t\t\t<div class=\"elementor-element elementor-element-fd4638b elementor-widget elementor-widget-heading\" data-id=\"fd4638b\" data-element_type=\"widget\" data-widget_type=\"heading.default\">\n\t\t\t\t<div class=\"elementor-widget-container\">\n\t\t\t\t\t<div class=\"elementor-heading-title elementor-size-default\"><a href=\"#\">- Maksu tapahtuu lahjakorttia vastaan, joten ota se mukaan hoitoon tullessasi<br>- Lahjakortin voi k\u00e4ytt\u00e4\u00e4 kokonaan tai osissa hoitoihin ja tuotteisiin<br>- Lahjakortilla ei voi maksaa toista lahjakorttia<br>- Lahjakortilla ei ole palautusoikeutta eik\u00e4 sit\u00e4 voi vaihtaa rahaksi<br>- Lahjakortti on voimassa nelj\u00e4 (4) kuukautta ostop\u00e4iv\u00e4st\u00e4<\/a><\/div>\t\t\t\t<\/div>\n\t\t\t\t<\/div>\n\t\t\t\t\t<\/div>\n\t\t<\/div>\n\t\t\t\t\t<\/div>\n\t\t<\/section>\n\t\t\t\t<section class=\"elementor-section elementor-top-section elementor-element elementor-element-aaae0af elementor-section-boxed elementor-section-height-default elementor-section-height-default\" data-id=\"aaae0af\" data-element_type=\"section\">\n\t\t\t\t\t\t<div class=\"elementor-container elementor-column-gap-default\">\n\t\t\t\t\t<div class=\"elementor-column elementor-col-100 elementor-top-column elementor-element elementor-element-c31c989\" data-id=\"c31c989\" data-element_type=\"column\">\n\t\t\t<div class=\"elementor-widget-wrap elementor-element-populated\">\n\t\t\t\t\t\t<div class=\"elementor-element elementor-element-24cd7f3 elementor-arrows-position-inside elementor-pagination-position-outside elementor-widget elementor-widget-image-carousel\" data-id=\"24cd7f3\" data-element_type=\"widget\" data-settings=\"{&quot;navigation&quot;:&quot;both&quot;,&quot;autoplay&quot;:&quot;yes&quot;,&quot;pause_on_hover&quot;:&quot;yes&quot;,&quot;pause_on_interaction&quot;:&quot;yes&quot;,&quot;autoplay_speed&quot;:5000,&quot;infinite&quot;:&quot;yes&quot;,&quot;speed&quot;:500}\" data-widget_type=\"image-carousel.default\">\n\t\t\t\t<div class=\"elementor-widget-container\">\n\t\t\t\t\t\t\t<div class=\"elementor-image-carousel-wrapper swiper\" role=\"region\" aria-roledescription=\"carousel\" aria-label=\"Kuvakaruselli\" dir=\"ltr\">\n\t\t\t<div class=\"elementor-image-carousel swiper-wrapper\" aria-live=\"off\">\n\t\t\t\t\t\t\t\t<div class=\"swiper-slide\" role=\"group\" aria-roledescription=\"slide\" aria-label=\"1 of 9\"><figure class=\"swiper-slide-inner\"><img decoding=\"async\" class=\"swiper-slide-image\" src=\"https:\/\/www.mpbeautyclub.fi\/wp-content\/uploads\/2021\/09\/olos-300x167.png\" alt=\"olos\" \/><\/figure><\/div><div class=\"swiper-slide\" role=\"group\" aria-roledescription=\"slide\" aria-label=\"2 of 9\"><figure class=\"swiper-slide-inner\"><img decoding=\"async\" class=\"swiper-slide-image\" src=\"https:\/\/www.mpbeautyclub.fi\/wp-content\/uploads\/2021\/09\/dibi-300x167.png\" alt=\"dibi\" \/><\/figure><\/div><div class=\"swiper-slide\" role=\"group\" aria-roledescription=\"slide\" aria-label=\"3 of 9\"><figure class=\"swiper-slide-inner\"><img decoding=\"async\" class=\"swiper-slide-image\" src=\"https:\/\/www.mpbeautyclub.fi\/wp-content\/uploads\/2021\/09\/Bielenda-1-300x167.png\" alt=\"Bielenda\" \/><\/figure><\/div><div class=\"swiper-slide\" role=\"group\" aria-roledescription=\"slide\" aria-label=\"4 of 9\"><figure class=\"swiper-slide-inner\"><img decoding=\"async\" class=\"swiper-slide-image\" src=\"https:\/\/www.mpbeautyclub.fi\/wp-content\/uploads\/2021\/09\/revitalash-300x167.png\" alt=\"revitalash\" \/><\/figure><\/div><div class=\"swiper-slide\" role=\"group\" aria-roledescription=\"slide\" aria-label=\"5 of 9\"><figure class=\"swiper-slide-inner\"><img decoding=\"async\" class=\"swiper-slide-image\" src=\"https:\/\/www.mpbeautyclub.fi\/wp-content\/uploads\/2021\/09\/eimi-300x167.png\" alt=\"eimi\" \/><\/figure><\/div><div class=\"swiper-slide\" role=\"group\" aria-roledescription=\"slide\" aria-label=\"6 of 9\"><figure class=\"swiper-slide-inner\"><img decoding=\"async\" class=\"swiper-slide-image\" src=\"https:\/\/www.mpbeautyclub.fi\/wp-content\/uploads\/2021\/09\/olaplex-300x167.png\" alt=\"olaplex\" \/><\/figure><\/div><div class=\"swiper-slide\" role=\"group\" aria-roledescription=\"slide\" aria-label=\"7 of 9\"><figure class=\"swiper-slide-inner\"><img decoding=\"async\" class=\"swiper-slide-image\" src=\"https:\/\/www.mpbeautyclub.fi\/wp-content\/uploads\/2021\/09\/artdeco-300x167.png\" alt=\"artdeco\" \/><\/figure><\/div><div class=\"swiper-slide\" role=\"group\" aria-roledescription=\"slide\" aria-label=\"8 of 9\"><figure class=\"swiper-slide-inner\"><img decoding=\"async\" class=\"swiper-slide-image\" src=\"https:\/\/www.mpbeautyclub.fi\/wp-content\/uploads\/2021\/09\/system-300x167.png\" alt=\"system\" \/><\/figure><\/div><div class=\"swiper-slide\" role=\"group\" aria-roledescription=\"slide\" aria-label=\"9 of 9\"><figure class=\"swiper-slide-inner\"><img decoding=\"async\" class=\"swiper-slide-image\" src=\"https:\/\/www.mpbeautyclub.fi\/wp-content\/uploads\/2021\/09\/ghd-300x167.png\" alt=\"ghd\" \/><\/figure><\/div>\t\t\t<\/div>\n\t\t\t\t\t\t\t\t\t\t\t\t<div class=\"elementor-swiper-button elementor-swiper-button-prev\" role=\"button\" tabindex=\"0\">\n\t\t\t\t\t\t<i aria-hidden=\"true\" class=\"eicon-chevron-left\"><\/i>\t\t\t\t\t<\/div>\n\t\t\t\t\t<div class=\"elementor-swiper-button elementor-swiper-button-next\" role=\"button\" tabindex=\"0\">\n\t\t\t\t\t\t<i aria-hidden=\"true\" class=\"eicon-chevron-right\"><\/i>\t\t\t\t\t<\/div>\n\t\t\t\t\n\t\t\t\t\t\t\t\t\t<div class=\"swiper-pagination\"><\/div>\n\t\t\t\t\t\t\t\t\t<\/div>\n\t\t\t\t\t\t<\/div>\n\t\t\t\t<\/div>\n\t\t\t\t\t<\/div>\n\t\t<\/div>\n\t\t\t\t\t<\/div>\n\t\t<\/section>\n\t\t\t\t<\/div>\n\t\t","protected":false},"excerpt":{"rendered":"<p>Lahjakortti Anna l\u00e4heisellesi lahjaksi hemmottelua\u00a0 ja hyv\u00e4\u00e4 oloa lahjakortilla. Lahjakortti on monelle paras lahja eik\u00e4 siihen petyt\u00e4. Lahjakortin ostaminen Lahjakortin voit ostaa l\u00e4hett\u00e4m\u00e4ll\u00e4 minulle s\u00e4hk\u00f6postia, tekstiviesti tai whatsapp viestin. Laita viestiin; 1.Oma nimesi 2.Lahjakortin saajan nimi 3.Summa tai hoito mink\u00e4 haluat lahjaksi ostaa. L\u00e4het\u00e4n sinulle lahjakortin sek\u00e4 maksutiedot 24 tunnin sis\u00e4ll\u00e4. Mik\u00e4li haluat, ett\u00e4 l\u00e4het\u00e4n &hellip;<\/p>\n<p class=\"read-more\"> <a class=\"\" href=\"https:\/\/www.mpbeautyclub.fi\/index.php\/lahjakortti\/\"> <span class=\"screen-reader-text\">Lahjakortti<\/span> Lue lis\u00e4\u00e4 &raquo;<\/a><\/p>\n","protected":false},"author":1,"featured_media":0,"parent":0,"menu_order":0,"comment_status":"closed","ping_status":"closed","template":"","meta":{"pgc_meta":"","site-sidebar-layout":"no-sidebar","site-content-layout":"page-builder","ast-main-header-display":"","ast-hfb-above-header-display":"","ast-hfb-below-header-display":"","ast-hfb-mobile-header-display":"","site-post-title":"disabled","ast-breadcrumbs-content":"","ast-featured-img":"disabled","footer-sml-layout":"","theme-transparent-header-meta":"default","adv-header-id-meta":"","stick-header-meta":"","header-above-stick-meta":"","header-main-stick-meta":"","header-below-stick-meta":"","footnotes":""},"class_list":["post-24931","page","type-page","status-publish","hentry"],"pgc_meta":"","yoast_head":"<!-- This site is optimized with the Yoast SEO plugin v24.3 - https:\/\/yoast.com\/wordpress\/plugins\/seo\/ -->\n<title>MP BeautyClub - monipuolinen kauneushoitola Kuopiossa - Lahjakortti<\/title>\n<meta name=\"description\" content=\"Anna l\u00e4heisellesi lahjaksi hemmottelua ja hyv\u00e4\u00e4 oloa lahjakortilla. Lahjakortti on monelle paras lahja eik\u00e4 siihen petyt\u00e4.\" \/>\n<meta name=\"robots\" content=\"index, follow, max-snippet:-1, max-image-preview:large, max-video-preview:-1\" \/>\n<link rel=\"canonical\" href=\"https:\/\/www.mpbeautyclub.fi\/index.php\/lahjakortti\/\" \/>\n<meta property=\"og:locale\" content=\"fi_FI\" \/>\n<meta property=\"og:type\" content=\"article\" \/>\n<meta property=\"og:title\" content=\"MP BeautyClub - monipuolinen kauneushoitola Kuopiossa - Lahjakortti\" \/>\n<meta property=\"og:description\" content=\"Anna l\u00e4heisellesi lahjaksi hemmottelua ja hyv\u00e4\u00e4 oloa lahjakortilla. Lahjakortti on monelle paras lahja eik\u00e4 siihen petyt\u00e4.\" \/>\n<meta property=\"og:url\" content=\"https:\/\/www.mpbeautyclub.fi\/index.php\/lahjakortti\/\" \/>\n<meta property=\"og:site_name\" content=\"MP BeautyClub\" \/>\n<meta property=\"article:modified_time\" content=\"2024-03-11T16:39:44+00:00\" \/>\n<meta property=\"og:image\" content=\"https:\/\/www.mpbeautyclub.fi\/wp-content\/uploads\/2021\/09\/olos-300x167.png\" \/>\n<meta name=\"twitter:card\" content=\"summary_large_image\" \/>\n<meta name=\"twitter:label1\" content=\"Arvioitu lukuaika\" \/>\n\t<meta name=\"twitter:data1\" content=\"4 minuuttia\" \/>\n<script type=\"application\/ld+json\" class=\"yoast-schema-graph\">{\"@context\":\"https:\/\/schema.org\",\"@graph\":[{\"@type\":\"WebPage\",\"@id\":\"https:\/\/www.mpbeautyclub.fi\/index.php\/lahjakortti\/\",\"url\":\"https:\/\/www.mpbeautyclub.fi\/index.php\/lahjakortti\/\",\"name\":\"MP BeautyClub - monipuolinen kauneushoitola Kuopiossa - Lahjakortti\",\"isPartOf\":{\"@id\":\"https:\/\/www.mpbeautyclub.fi\/#website\"},\"primaryImageOfPage\":{\"@id\":\"https:\/\/www.mpbeautyclub.fi\/index.php\/lahjakortti\/#primaryimage\"},\"image\":{\"@id\":\"https:\/\/www.mpbeautyclub.fi\/index.php\/lahjakortti\/#primaryimage\"},\"thumbnailUrl\":\"https:\/\/www.mpbeautyclub.fi\/wp-content\/uploads\/2021\/09\/olos-300x167.png\",\"datePublished\":\"2021-09-13T15:56:04+00:00\",\"dateModified\":\"2024-03-11T16:39:44+00:00\",\"description\":\"Anna l\u00e4heisellesi lahjaksi hemmottelua ja hyv\u00e4\u00e4 oloa lahjakortilla. Lahjakortti on monelle paras lahja eik\u00e4 siihen petyt\u00e4.\",\"breadcrumb\":{\"@id\":\"https:\/\/www.mpbeautyclub.fi\/index.php\/lahjakortti\/#breadcrumb\"},\"inLanguage\":\"fi\",\"potentialAction\":[{\"@type\":\"ReadAction\",\"target\":[\"https:\/\/www.mpbeautyclub.fi\/index.php\/lahjakortti\/\"]}]},{\"@type\":\"ImageObject\",\"inLanguage\":\"fi\",\"@id\":\"https:\/\/www.mpbeautyclub.fi\/index.php\/lahjakortti\/#primaryimage\",\"url\":\"https:\/\/www.mpbeautyclub.fi\/wp-content\/uploads\/2021\/09\/olos.png\",\"contentUrl\":\"https:\/\/www.mpbeautyclub.fi\/wp-content\/uploads\/2021\/09\/olos.png\",\"width\":400,\"height\":223},{\"@type\":\"BreadcrumbList\",\"@id\":\"https:\/\/www.mpbeautyclub.fi\/index.php\/lahjakortti\/#breadcrumb\",\"itemListElement\":[{\"@type\":\"ListItem\",\"position\":1,\"name\":\"Etusivu\",\"item\":\"https:\/\/www.mpbeautyclub.fi\/\"},{\"@type\":\"ListItem\",\"position\":2,\"name\":\"Lahjakortti\"}]},{\"@type\":\"WebSite\",\"@id\":\"https:\/\/www.mpbeautyclub.fi\/#website\",\"url\":\"https:\/\/www.mpbeautyclub.fi\/\",\"name\":\"MP BeautyClub\",\"description\":\"monipuolinen kauneushoitola Kuopiossa\",\"publisher\":{\"@id\":\"https:\/\/www.mpbeautyclub.fi\/#organization\"},\"potentialAction\":[{\"@type\":\"SearchAction\",\"target\":{\"@type\":\"EntryPoint\",\"urlTemplate\":\"https:\/\/www.mpbeautyclub.fi\/?s={search_term_string}\"},\"query-input\":{\"@type\":\"PropertyValueSpecification\",\"valueRequired\":true,\"valueName\":\"search_term_string\"}}],\"inLanguage\":\"fi\"},{\"@type\":\"Organization\",\"@id\":\"https:\/\/www.mpbeautyclub.fi\/#organization\",\"name\":\"MP BeautyClub\",\"url\":\"https:\/\/www.mpbeautyclub.fi\/\",\"logo\":{\"@type\":\"ImageObject\",\"inLanguage\":\"fi\",\"@id\":\"https:\/\/www.mpbeautyclub.fi\/#\/schema\/logo\/image\/\",\"url\":\"https:\/\/www.mpbeautyclub.fi\/wp-content\/uploads\/2021\/09\/13102842_1749587098596749_4221135372028661744_n-1.jpg\",\"contentUrl\":\"https:\/\/www.mpbeautyclub.fi\/wp-content\/uploads\/2021\/09\/13102842_1749587098596749_4221135372028661744_n-1.jpg\",\"width\":1314,\"height\":588,\"caption\":\"MP BeautyClub\"},\"image\":{\"@id\":\"https:\/\/www.mpbeautyclub.fi\/#\/schema\/logo\/image\/\"}}]}<\/script>\n<!-- \/ Yoast SEO plugin. -->","yoast_head_json":{"title":"MP BeautyClub - monipuolinen kauneushoitola Kuopiossa - Lahjakortti","description":"Anna l\u00e4heisellesi lahjaksi hemmottelua ja hyv\u00e4\u00e4 oloa lahjakortilla. Lahjakortti on monelle paras lahja eik\u00e4 siihen petyt\u00e4.","robots":{"index":"index","follow":"follow","max-snippet":"max-snippet:-1","max-image-preview":"max-image-preview:large","max-video-preview":"max-video-preview:-1"},"canonical":"https:\/\/www.mpbeautyclub.fi\/index.php\/lahjakortti\/","og_locale":"fi_FI","og_type":"article","og_title":"MP BeautyClub - monipuolinen kauneushoitola Kuopiossa - Lahjakortti","og_description":"Anna l\u00e4heisellesi lahjaksi hemmottelua ja hyv\u00e4\u00e4 oloa lahjakortilla. Lahjakortti on monelle paras lahja eik\u00e4 siihen petyt\u00e4.","og_url":"https:\/\/www.mpbeautyclub.fi\/index.php\/lahjakortti\/","og_site_name":"MP BeautyClub","article_modified_time":"2024-03-11T16:39:44+00:00","og_image":[{"url":"https:\/\/www.mpbeautyclub.fi\/wp-content\/uploads\/2021\/09\/olos-300x167.png","type":"","width":"","height":""}],"twitter_card":"summary_large_image","twitter_misc":{"Arvioitu lukuaika":"4 minuuttia"},"schema":{"@context":"https:\/\/schema.org","@graph":[{"@type":"WebPage","@id":"https:\/\/www.mpbeautyclub.fi\/index.php\/lahjakortti\/","url":"https:\/\/www.mpbeautyclub.fi\/index.php\/lahjakortti\/","name":"MP BeautyClub - monipuolinen kauneushoitola Kuopiossa - Lahjakortti","isPartOf":{"@id":"https:\/\/www.mpbeautyclub.fi\/#website"},"primaryImageOfPage":{"@id":"https:\/\/www.mpbeautyclub.fi\/index.php\/lahjakortti\/#primaryimage"},"image":{"@id":"https:\/\/www.mpbeautyclub.fi\/index.php\/lahjakortti\/#primaryimage"},"thumbnailUrl":"https:\/\/www.mpbeautyclub.fi\/wp-content\/uploads\/2021\/09\/olos-300x167.png","datePublished":"2021-09-13T15:56:04+00:00","dateModified":"2024-03-11T16:39:44+00:00","description":"Anna l\u00e4heisellesi lahjaksi hemmottelua ja hyv\u00e4\u00e4 oloa lahjakortilla. Lahjakortti on monelle paras lahja eik\u00e4 siihen petyt\u00e4.","breadcrumb":{"@id":"https:\/\/www.mpbeautyclub.fi\/index.php\/lahjakortti\/#breadcrumb"},"inLanguage":"fi","potentialAction":[{"@type":"ReadAction","target":["https:\/\/www.mpbeautyclub.fi\/index.php\/lahjakortti\/"]}]},{"@type":"ImageObject","inLanguage":"fi","@id":"https:\/\/www.mpbeautyclub.fi\/index.php\/lahjakortti\/#primaryimage","url":"https:\/\/www.mpbeautyclub.fi\/wp-content\/uploads\/2021\/09\/olos.png","contentUrl":"https:\/\/www.mpbeautyclub.fi\/wp-content\/uploads\/2021\/09\/olos.png","width":400,"height":223},{"@type":"BreadcrumbList","@id":"https:\/\/www.mpbeautyclub.fi\/index.php\/lahjakortti\/#breadcrumb","itemListElement":[{"@type":"ListItem","position":1,"name":"Etusivu","item":"https:\/\/www.mpbeautyclub.fi\/"},{"@type":"ListItem","position":2,"name":"Lahjakortti"}]},{"@type":"WebSite","@id":"https:\/\/www.mpbeautyclub.fi\/#website","url":"https:\/\/www.mpbeautyclub.fi\/","name":"MP BeautyClub","description":"monipuolinen kauneushoitola Kuopiossa","publisher":{"@id":"https:\/\/www.mpbeautyclub.fi\/#organization"},"potentialAction":[{"@type":"SearchAction","target":{"@type":"EntryPoint","urlTemplate":"https:\/\/www.mpbeautyclub.fi\/?s={search_term_string}"},"query-input":{"@type":"PropertyValueSpecification","valueRequired":true,"valueName":"search_term_string"}}],"inLanguage":"fi"},{"@type":"Organization","@id":"https:\/\/www.mpbeautyclub.fi\/#organization","name":"MP BeautyClub","url":"https:\/\/www.mpbeautyclub.fi\/","logo":{"@type":"ImageObject","inLanguage":"fi","@id":"https:\/\/www.mpbeautyclub.fi\/#\/schema\/logo\/image\/","url":"https:\/\/www.mpbeautyclub.fi\/wp-content\/uploads\/2021\/09\/13102842_1749587098596749_4221135372028661744_n-1.jpg","contentUrl":"https:\/\/www.mpbeautyclub.fi\/wp-content\/uploads\/2021\/09\/13102842_1749587098596749_4221135372028661744_n-1.jpg","width":1314,"height":588,"caption":"MP BeautyClub"},"image":{"@id":"https:\/\/www.mpbeautyclub.fi\/#\/schema\/logo\/image\/"}}]}},"_links":{"self":[{"href":"https:\/\/www.mpbeautyclub.fi\/index.php\/wp-json\/wp\/v2\/pages\/24931","targetHints":{"allow":["GET"]}}],"collection":[{"href":"https:\/\/www.mpbeautyclub.fi\/index.php\/wp-json\/wp\/v2\/pages"}],"about":[{"href":"https:\/\/www.mpbeautyclub.fi\/index.php\/wp-json\/wp\/v2\/types\/page"}],"author":[{"embeddable":true,"href":"https:\/\/www.mpbeautyclub.fi\/index.php\/wp-json\/wp\/v2\/users\/1"}],"replies":[{"embeddable":true,"href":"https:\/\/www.mpbeautyclub.fi\/index.php\/wp-json\/wp\/v2\/comments?post=24931"}],"version-history":[{"count":73,"href":"https:\/\/www.mpbeautyclub.fi\/index.php\/wp-json\/wp\/v2\/pages\/24931\/revisions"}],"predecessor-version":[{"id":26426,"href":"https:\/\/www.mpbeautyclub.fi\/index.php\/wp-json\/wp\/v2\/pages\/24931\/revisions\/26426"}],"wp:attachment":[{"href":"https:\/\/www.mpbeautyclub.fi\/index.php\/wp-json\/wp\/v2\/media?parent=24931"}],"curies":[{"name":"wp","href":"https:\/\/api.w.org\/{rel}","templated":true}]}}