{"id":26413,"date":"2024-03-11T16:34:23","date_gmt":"2024-03-11T16:34:23","guid":{"rendered":"https:\/\/www.mpbeautyclub.fi\/?page_id=26413"},"modified":"2024-03-11T16:37:27","modified_gmt":"2024-03-11T16:37:27","slug":"ajanvaraus","status":"publish","type":"page","link":"https:\/\/www.mpbeautyclub.fi\/index.php\/ajanvaraus\/","title":{"rendered":"Ajanvaraus"},"content":{"rendered":"\t\t<div data-elementor-type=\"wp-page\" data-elementor-id=\"26413\" class=\"elementor elementor-26413\">\n\t\t\t\t\t\t<section class=\"elementor-section elementor-top-section elementor-element elementor-element-bbc6a10 elementor-section-boxed elementor-section-height-default elementor-section-height-default\" data-id=\"bbc6a10\" data-element_type=\"section\">\n\t\t\t\t\t\t<div class=\"elementor-container elementor-column-gap-no\">\n\t\t\t\t\t<div class=\"elementor-column elementor-col-100 elementor-top-column elementor-element elementor-element-c0a899f\" data-id=\"c0a899f\" data-element_type=\"column\">\n\t\t\t<div class=\"elementor-widget-wrap elementor-element-populated\">\n\t\t\t\t\t\t<div class=\"elementor-element elementor-element-7cdd63b elementor-widget elementor-widget-heading\" data-id=\"7cdd63b\" data-element_type=\"widget\" data-widget_type=\"heading.default\">\n\t\t\t\t<div class=\"elementor-widget-container\">\n\t\t\t\t\t<h1 class=\"elementor-heading-title elementor-size-default\">Ajanvaraus<\/h1>\t\t\t\t<\/div>\n\t\t\t\t<\/div>\n\t\t\t\t<div class=\"elementor-element elementor-element-c729517 elementor-widget elementor-widget-text-editor\" data-id=\"c729517\" data-element_type=\"widget\" data-widget_type=\"text-editor.default\">\n\t\t\t\t<div class=\"elementor-widget-container\">\n\t\t\t\t\t\t\t\t\tVoit varata aikasi sinulle parhaalla tavalla;\nSoittamalla, teksiviestill\u00e4, whatsapp viestill\u00e4 tai s\u00e4hk\u00f6postilla.\n<br><br>\n044-330 6649<br>\nkauneushoitolampbeautyclub@gmail.com \t\t\t\t\t\t\t\t<\/div>\n\t\t\t\t<\/div>\n\t\t\t\t\t<\/div>\n\t\t<\/div>\n\t\t\t\t\t<\/div>\n\t\t<\/section>\n\t\t\t\t<section class=\"elementor-section elementor-top-section elementor-element elementor-element-2e9312c elementor-section-boxed elementor-section-height-default elementor-section-height-default\" data-id=\"2e9312c\" data-element_type=\"section\">\n\t\t\t\t\t\t<div class=\"elementor-container elementor-column-gap-default\">\n\t\t\t\t\t<div class=\"elementor-column elementor-col-100 elementor-top-column elementor-element elementor-element-90ead9a\" data-id=\"90ead9a\" data-element_type=\"column\">\n\t\t\t<div class=\"elementor-widget-wrap elementor-element-populated\">\n\t\t\t\t\t\t<div class=\"elementor-element elementor-element-de69a31 elementor-arrows-position-inside elementor-pagination-position-outside elementor-widget elementor-widget-image-carousel\" data-id=\"de69a31\" data-element_type=\"widget\" data-settings=\"{&quot;navigation&quot;:&quot;both&quot;,&quot;autoplay&quot;:&quot;yes&quot;,&quot;pause_on_hover&quot;:&quot;yes&quot;,&quot;pause_on_interaction&quot;:&quot;yes&quot;,&quot;autoplay_speed&quot;:5000,&quot;infinite&quot;:&quot;yes&quot;,&quot;speed&quot;:500}\" data-widget_type=\"image-carousel.default\">\n\t\t\t\t<div class=\"elementor-widget-container\">\n\t\t\t\t\t\t\t<div class=\"elementor-image-carousel-wrapper swiper\" role=\"region\" aria-roledescription=\"carousel\" aria-label=\"Kuvakaruselli\" dir=\"ltr\">\n\t\t\t<div class=\"elementor-image-carousel swiper-wrapper\" aria-live=\"off\">\n\t\t\t\t\t\t\t\t<div class=\"swiper-slide\" role=\"group\" aria-roledescription=\"slide\" aria-label=\"1 of 9\"><figure class=\"swiper-slide-inner\"><img decoding=\"async\" class=\"swiper-slide-image\" src=\"https:\/\/www.mpbeautyclub.fi\/wp-content\/uploads\/2021\/09\/olos-300x167.png\" alt=\"olos\" \/><\/figure><\/div><div class=\"swiper-slide\" role=\"group\" aria-roledescription=\"slide\" aria-label=\"2 of 9\"><figure class=\"swiper-slide-inner\"><img decoding=\"async\" class=\"swiper-slide-image\" src=\"https:\/\/www.mpbeautyclub.fi\/wp-content\/uploads\/2021\/09\/dibi-300x167.png\" alt=\"dibi\" \/><\/figure><\/div><div class=\"swiper-slide\" role=\"group\" aria-roledescription=\"slide\" aria-label=\"3 of 9\"><figure class=\"swiper-slide-inner\"><img decoding=\"async\" class=\"swiper-slide-image\" src=\"https:\/\/www.mpbeautyclub.fi\/wp-content\/uploads\/2021\/09\/Bielenda-1-300x167.png\" alt=\"Bielenda\" \/><\/figure><\/div><div class=\"swiper-slide\" role=\"group\" aria-roledescription=\"slide\" aria-label=\"4 of 9\"><figure class=\"swiper-slide-inner\"><img decoding=\"async\" class=\"swiper-slide-image\" src=\"https:\/\/www.mpbeautyclub.fi\/wp-content\/uploads\/2021\/09\/revitalash-300x167.png\" alt=\"revitalash\" \/><\/figure><\/div><div class=\"swiper-slide\" role=\"group\" aria-roledescription=\"slide\" aria-label=\"5 of 9\"><figure class=\"swiper-slide-inner\"><img decoding=\"async\" class=\"swiper-slide-image\" src=\"https:\/\/www.mpbeautyclub.fi\/wp-content\/uploads\/2021\/09\/eimi-300x167.png\" alt=\"eimi\" \/><\/figure><\/div><div class=\"swiper-slide\" role=\"group\" aria-roledescription=\"slide\" aria-label=\"6 of 9\"><figure class=\"swiper-slide-inner\"><img decoding=\"async\" class=\"swiper-slide-image\" src=\"https:\/\/www.mpbeautyclub.fi\/wp-content\/uploads\/2021\/09\/olaplex-300x167.png\" alt=\"olaplex\" \/><\/figure><\/div><div class=\"swiper-slide\" role=\"group\" aria-roledescription=\"slide\" aria-label=\"7 of 9\"><figure class=\"swiper-slide-inner\"><img decoding=\"async\" class=\"swiper-slide-image\" src=\"https:\/\/www.mpbeautyclub.fi\/wp-content\/uploads\/2021\/09\/artdeco-300x167.png\" alt=\"artdeco\" \/><\/figure><\/div><div class=\"swiper-slide\" role=\"group\" aria-roledescription=\"slide\" aria-label=\"8 of 9\"><figure class=\"swiper-slide-inner\"><img decoding=\"async\" class=\"swiper-slide-image\" src=\"https:\/\/www.mpbeautyclub.fi\/wp-content\/uploads\/2021\/09\/system-300x167.png\" alt=\"system\" \/><\/figure><\/div><div class=\"swiper-slide\" role=\"group\" aria-roledescription=\"slide\" aria-label=\"9 of 9\"><figure class=\"swiper-slide-inner\"><img decoding=\"async\" class=\"swiper-slide-image\" src=\"https:\/\/www.mpbeautyclub.fi\/wp-content\/uploads\/2021\/09\/ghd-300x167.png\" alt=\"ghd\" \/><\/figure><\/div>\t\t\t<\/div>\n\t\t\t\t\t\t\t\t\t\t\t\t<div class=\"elementor-swiper-button elementor-swiper-button-prev\" role=\"button\" tabindex=\"0\">\n\t\t\t\t\t\t<i aria-hidden=\"true\" class=\"eicon-chevron-left\"><\/i>\t\t\t\t\t<\/div>\n\t\t\t\t\t<div class=\"elementor-swiper-button elementor-swiper-button-next\" role=\"button\" tabindex=\"0\">\n\t\t\t\t\t\t<i aria-hidden=\"true\" class=\"eicon-chevron-right\"><\/i>\t\t\t\t\t<\/div>\n\t\t\t\t\n\t\t\t\t\t\t\t\t\t<div class=\"swiper-pagination\"><\/div>\n\t\t\t\t\t\t\t\t\t<\/div>\n\t\t\t\t\t\t<\/div>\n\t\t\t\t<\/div>\n\t\t\t\t\t<\/div>\n\t\t<\/div>\n\t\t\t\t\t<\/div>\n\t\t<\/section>\n\t\t\t\t<\/div>\n\t\t","protected":false},"excerpt":{"rendered":"<p>Ajanvaraus Voit varata aikasi sinulle parhaalla tavalla; Soittamalla, teksiviestill\u00e4, whatsapp viestill\u00e4 tai s\u00e4hk\u00f6postilla. 044-330 6649 kauneushoitolampbeautyclub@gmail.com<\/p>\n","protected":false},"author":1,"featured_media":0,"parent":0,"menu_order":0,"comment_status":"closed","ping_status":"closed","template":"","meta":{"pgc_meta":"","site-sidebar-layout":"no-sidebar","site-content-layout":"page-builder","ast-main-header-display":"","ast-hfb-above-header-display":"","ast-hfb-below-header-display":"","ast-hfb-mobile-header-display":"","site-post-title":"disabled","ast-breadcrumbs-content":"","ast-featured-img":"disabled","footer-sml-layout":"","theme-transparent-header-meta":"","adv-header-id-meta":"","stick-header-meta":"","header-above-stick-meta":"","header-main-stick-meta":"","header-below-stick-meta":"","footnotes":""},"class_list":["post-26413","page","type-page","status-publish","hentry"],"pgc_meta":"","yoast_head":"<!-- This site is optimized with the Yoast SEO plugin v24.3 - https:\/\/yoast.com\/wordpress\/plugins\/seo\/ -->\n<title>Ajanvaraus - MP BeautyClub<\/title>\n<meta name=\"robots\" content=\"index, follow, max-snippet:-1, max-image-preview:large, max-video-preview:-1\" \/>\n<link rel=\"canonical\" href=\"https:\/\/www.mpbeautyclub.fi\/index.php\/ajanvaraus\/\" \/>\n<meta property=\"og:locale\" content=\"fi_FI\" \/>\n<meta property=\"og:type\" content=\"article\" \/>\n<meta property=\"og:title\" content=\"Ajanvaraus - MP BeautyClub\" \/>\n<meta property=\"og:description\" content=\"Ajanvaraus Voit varata aikasi sinulle parhaalla tavalla; Soittamalla, teksiviestill\u00e4, whatsapp viestill\u00e4 tai s\u00e4hk\u00f6postilla. 044-330 6649 kauneushoitolampbeautyclub@gmail.com\" \/>\n<meta property=\"og:url\" content=\"https:\/\/www.mpbeautyclub.fi\/index.php\/ajanvaraus\/\" \/>\n<meta property=\"og:site_name\" content=\"MP BeautyClub\" \/>\n<meta property=\"article:modified_time\" content=\"2024-03-11T16:37:27+00:00\" \/>\n<meta property=\"og:image\" content=\"https:\/\/www.mpbeautyclub.fi\/wp-content\/uploads\/2021\/09\/olos-300x167.png\" \/>\n<meta name=\"twitter:card\" content=\"summary_large_image\" \/>\n<script type=\"application\/ld+json\" class=\"yoast-schema-graph\">{\"@context\":\"https:\/\/schema.org\",\"@graph\":[{\"@type\":\"WebPage\",\"@id\":\"https:\/\/www.mpbeautyclub.fi\/index.php\/ajanvaraus\/\",\"url\":\"https:\/\/www.mpbeautyclub.fi\/index.php\/ajanvaraus\/\",\"name\":\"Ajanvaraus - MP BeautyClub\",\"isPartOf\":{\"@id\":\"https:\/\/www.mpbeautyclub.fi\/#website\"},\"primaryImageOfPage\":{\"@id\":\"https:\/\/www.mpbeautyclub.fi\/index.php\/ajanvaraus\/#primaryimage\"},\"image\":{\"@id\":\"https:\/\/www.mpbeautyclub.fi\/index.php\/ajanvaraus\/#primaryimage\"},\"thumbnailUrl\":\"https:\/\/www.mpbeautyclub.fi\/wp-content\/uploads\/2021\/09\/olos-300x167.png\",\"datePublished\":\"2024-03-11T16:34:23+00:00\",\"dateModified\":\"2024-03-11T16:37:27+00:00\",\"breadcrumb\":{\"@id\":\"https:\/\/www.mpbeautyclub.fi\/index.php\/ajanvaraus\/#breadcrumb\"},\"inLanguage\":\"fi\",\"potentialAction\":[{\"@type\":\"ReadAction\",\"target\":[\"https:\/\/www.mpbeautyclub.fi\/index.php\/ajanvaraus\/\"]}]},{\"@type\":\"ImageObject\",\"inLanguage\":\"fi\",\"@id\":\"https:\/\/www.mpbeautyclub.fi\/index.php\/ajanvaraus\/#primaryimage\",\"url\":\"https:\/\/www.mpbeautyclub.fi\/wp-content\/uploads\/2021\/09\/olos.png\",\"contentUrl\":\"https:\/\/www.mpbeautyclub.fi\/wp-content\/uploads\/2021\/09\/olos.png\",\"width\":400,\"height\":223},{\"@type\":\"BreadcrumbList\",\"@id\":\"https:\/\/www.mpbeautyclub.fi\/index.php\/ajanvaraus\/#breadcrumb\",\"itemListElement\":[{\"@type\":\"ListItem\",\"position\":1,\"name\":\"Etusivu\",\"item\":\"https:\/\/www.mpbeautyclub.fi\/\"},{\"@type\":\"ListItem\",\"position\":2,\"name\":\"Ajanvaraus\"}]},{\"@type\":\"WebSite\",\"@id\":\"https:\/\/www.mpbeautyclub.fi\/#website\",\"url\":\"https:\/\/www.mpbeautyclub.fi\/\",\"name\":\"MP BeautyClub\",\"description\":\"monipuolinen kauneushoitola Kuopiossa\",\"publisher\":{\"@id\":\"https:\/\/www.mpbeautyclub.fi\/#organization\"},\"potentialAction\":[{\"@type\":\"SearchAction\",\"target\":{\"@type\":\"EntryPoint\",\"urlTemplate\":\"https:\/\/www.mpbeautyclub.fi\/?s={search_term_string}\"},\"query-input\":{\"@type\":\"PropertyValueSpecification\",\"valueRequired\":true,\"valueName\":\"search_term_string\"}}],\"inLanguage\":\"fi\"},{\"@type\":\"Organization\",\"@id\":\"https:\/\/www.mpbeautyclub.fi\/#organization\",\"name\":\"MP BeautyClub\",\"url\":\"https:\/\/www.mpbeautyclub.fi\/\",\"logo\":{\"@type\":\"ImageObject\",\"inLanguage\":\"fi\",\"@id\":\"https:\/\/www.mpbeautyclub.fi\/#\/schema\/logo\/image\/\",\"url\":\"https:\/\/www.mpbeautyclub.fi\/wp-content\/uploads\/2021\/09\/13102842_1749587098596749_4221135372028661744_n-1.jpg\",\"contentUrl\":\"https:\/\/www.mpbeautyclub.fi\/wp-content\/uploads\/2021\/09\/13102842_1749587098596749_4221135372028661744_n-1.jpg\",\"width\":1314,\"height\":588,\"caption\":\"MP BeautyClub\"},\"image\":{\"@id\":\"https:\/\/www.mpbeautyclub.fi\/#\/schema\/logo\/image\/\"}}]}<\/script>\n<!-- \/ Yoast SEO plugin. -->","yoast_head_json":{"title":"Ajanvaraus - MP BeautyClub","robots":{"index":"index","follow":"follow","max-snippet":"max-snippet:-1","max-image-preview":"max-image-preview:large","max-video-preview":"max-video-preview:-1"},"canonical":"https:\/\/www.mpbeautyclub.fi\/index.php\/ajanvaraus\/","og_locale":"fi_FI","og_type":"article","og_title":"Ajanvaraus - MP BeautyClub","og_description":"Ajanvaraus Voit varata aikasi sinulle parhaalla tavalla; Soittamalla, teksiviestill\u00e4, whatsapp viestill\u00e4 tai s\u00e4hk\u00f6postilla. 044-330 6649 kauneushoitolampbeautyclub@gmail.com","og_url":"https:\/\/www.mpbeautyclub.fi\/index.php\/ajanvaraus\/","og_site_name":"MP BeautyClub","article_modified_time":"2024-03-11T16:37:27+00:00","og_image":[{"url":"https:\/\/www.mpbeautyclub.fi\/wp-content\/uploads\/2021\/09\/olos-300x167.png","type":"","width":"","height":""}],"twitter_card":"summary_large_image","schema":{"@context":"https:\/\/schema.org","@graph":[{"@type":"WebPage","@id":"https:\/\/www.mpbeautyclub.fi\/index.php\/ajanvaraus\/","url":"https:\/\/www.mpbeautyclub.fi\/index.php\/ajanvaraus\/","name":"Ajanvaraus - MP BeautyClub","isPartOf":{"@id":"https:\/\/www.mpbeautyclub.fi\/#website"},"primaryImageOfPage":{"@id":"https:\/\/www.mpbeautyclub.fi\/index.php\/ajanvaraus\/#primaryimage"},"image":{"@id":"https:\/\/www.mpbeautyclub.fi\/index.php\/ajanvaraus\/#primaryimage"},"thumbnailUrl":"https:\/\/www.mpbeautyclub.fi\/wp-content\/uploads\/2021\/09\/olos-300x167.png","datePublished":"2024-03-11T16:34:23+00:00","dateModified":"2024-03-11T16:37:27+00:00","breadcrumb":{"@id":"https:\/\/www.mpbeautyclub.fi\/index.php\/ajanvaraus\/#breadcrumb"},"inLanguage":"fi","potentialAction":[{"@type":"ReadAction","target":["https:\/\/www.mpbeautyclub.fi\/index.php\/ajanvaraus\/"]}]},{"@type":"ImageObject","inLanguage":"fi","@id":"https:\/\/www.mpbeautyclub.fi\/index.php\/ajanvaraus\/#primaryimage","url":"https:\/\/www.mpbeautyclub.fi\/wp-content\/uploads\/2021\/09\/olos.png","contentUrl":"https:\/\/www.mpbeautyclub.fi\/wp-content\/uploads\/2021\/09\/olos.png","width":400,"height":223},{"@type":"BreadcrumbList","@id":"https:\/\/www.mpbeautyclub.fi\/index.php\/ajanvaraus\/#breadcrumb","itemListElement":[{"@type":"ListItem","position":1,"name":"Etusivu","item":"https:\/\/www.mpbeautyclub.fi\/"},{"@type":"ListItem","position":2,"name":"Ajanvaraus"}]},{"@type":"WebSite","@id":"https:\/\/www.mpbeautyclub.fi\/#website","url":"https:\/\/www.mpbeautyclub.fi\/","name":"MP BeautyClub","description":"monipuolinen kauneushoitola Kuopiossa","publisher":{"@id":"https:\/\/www.mpbeautyclub.fi\/#organization"},"potentialAction":[{"@type":"SearchAction","target":{"@type":"EntryPoint","urlTemplate":"https:\/\/www.mpbeautyclub.fi\/?s={search_term_string}"},"query-input":{"@type":"PropertyValueSpecification","valueRequired":true,"valueName":"search_term_string"}}],"inLanguage":"fi"},{"@type":"Organization","@id":"https:\/\/www.mpbeautyclub.fi\/#organization","name":"MP BeautyClub","url":"https:\/\/www.mpbeautyclub.fi\/","logo":{"@type":"ImageObject","inLanguage":"fi","@id":"https:\/\/www.mpbeautyclub.fi\/#\/schema\/logo\/image\/","url":"https:\/\/www.mpbeautyclub.fi\/wp-content\/uploads\/2021\/09\/13102842_1749587098596749_4221135372028661744_n-1.jpg","contentUrl":"https:\/\/www.mpbeautyclub.fi\/wp-content\/uploads\/2021\/09\/13102842_1749587098596749_4221135372028661744_n-1.jpg","width":1314,"height":588,"caption":"MP BeautyClub"},"image":{"@id":"https:\/\/www.mpbeautyclub.fi\/#\/schema\/logo\/image\/"}}]}},"_links":{"self":[{"href":"https:\/\/www.mpbeautyclub.fi\/index.php\/wp-json\/wp\/v2\/pages\/26413","targetHints":{"allow":["GET"]}}],"collection":[{"href":"https:\/\/www.mpbeautyclub.fi\/index.php\/wp-json\/wp\/v2\/pages"}],"about":[{"href":"https:\/\/www.mpbeautyclub.fi\/index.php\/wp-json\/wp\/v2\/types\/page"}],"author":[{"embeddable":true,"href":"https:\/\/www.mpbeautyclub.fi\/index.php\/wp-json\/wp\/v2\/users\/1"}],"replies":[{"embeddable":true,"href":"https:\/\/www.mpbeautyclub.fi\/index.php\/wp-json\/wp\/v2\/comments?post=26413"}],"version-history":[{"count":7,"href":"https:\/\/www.mpbeautyclub.fi\/index.php\/wp-json\/wp\/v2\/pages\/26413\/revisions"}],"predecessor-version":[{"id":26421,"href":"https:\/\/www.mpbeautyclub.fi\/index.php\/wp-json\/wp\/v2\/pages\/26413\/revisions\/26421"}],"wp:attachment":[{"href":"https:\/\/www.mpbeautyclub.fi\/index.php\/wp-json\/wp\/v2\/media?parent=26413"}],"curies":[{"name":"wp","href":"https:\/\/api.w.org\/{rel}","templated":true}]}}